{"id":419,"date":"2024-02-15T22:15:57","date_gmt":"2024-02-15T20:15:57","guid":{"rendered":"https:\/\/ham.lt\/apie-mus\/"},"modified":"2025-04-28T13:48:11","modified_gmt":"2025-04-28T10:48:11","slug":"ueber-uns","status":"publish","type":"page","link":"https:\/\/ham.lt\/de\/ueber-uns\/","title":{"rendered":"\u00dcber uns"},"content":{"rendered":"<div class=\"wpb-content-wrapper\"><p>[vc_row full_width=&#8220;stretch_row&#8220; content_placement=&#8220;middle&#8220; css_animation=&#8220;fadeIn&#8220; bg_type=&#8220;image&#8220; parallax_style=&#8220;vcpb-default&#8220; bg_image_new=&#8220;id^32|url^https:\/\/ham.lt\/wp-content\/uploads\/2024\/02\/viber_image_2024-02-15_15-03-17-018.jpg|caption^null|alt^null|title^viber_image_2024-02-15_15-03-17-018|description^null&#8220; bg_image_repeat=&#8220;no-repeat&#8220; css=&#8220;.vc_custom_1713814167312{margin-top: -70px !important;padding-top: 50px !important;padding-bottom: 70px !important;}&#8220; el_class=&#8220;row-bg-gradient&#8220;][vc_column width=&#8220;5\/6&#8243;][vc_custom_heading text=&#8220;Autotransportdienstleistungen<br \/>\nseit 2010.&#8220; font_container=&#8220;tag:h3|text_align:left|color:%23ffffff&#8220; use_theme_fonts=&#8220;yes&#8220; css_animation=&#8220;fadeInLeft&#8220; css=&#8220;.vc_custom_1718287081304{padding-bottom: 20px !important;}&#8220;][\/vc_column][vc_column width=&#8220;1\/6&#8243;][\/vc_column][\/vc_row][vc_row gap=&#8220;35&#8243; equal_height=&#8220;yes&#8220; content_placement=&#8220;middle&#8220; css=&#8220;.vc_custom_1713814222105{margin-top: 50px !important;}&#8220;][vc_column css_animation=&#8220;fadeInLeft&#8220; width=&#8220;1\/2&#8243;][vc_single_image image=&#8220;118&#8243; img_size=&#8220;full&#8220; alignment=&#8220;center&#8220;][\/vc_column][vc_column css_animation=&#8220;fadeInRight&#8220; width=&#8220;1\/2&#8243;][vc_custom_heading text=&#8220;\u00dcber uns&#8220; use_theme_fonts=&#8220;yes&#8220; css=&#8220;.vc_custom_1708613104552{padding-bottom: 20px !important;}&#8220;][vc_column_text]\u201eHermes Asset Management\u201d ist ein internationales Unternehmen mit langj\u00e4hriger Erfahrung in der Logistik. Das Unternehmen bietet Autotransport, Spedition und Reparaturdienstleistungen f\u00fcr Autotransporte.<\/p>\n<p>Wir bem\u00fchen uns, langfristige und starke Gesch\u00e4ftsbeziehungen mit unseren Kunden aufzubauen und zu pflegen. Wir suchen st\u00e4ndig nach innovativen und wettbewerbsf\u00e4higen L\u00f6sungen, um den Kundenbed\u00fcrfnissen gerecht zu werden.[\/vc_column_text][vc_row_inner css=&#8220;.vc_custom_1708613418829{padding-top: 70px !important;}&#8220;][vc_column_inner width=&#8220;1\/2&#8243; offset=&#8220;vc_col-xs-6&#8243;][vc_column_text el_class=&#8220;highlight&#8220;]150+[\/vc_column_text][vc_column_text]PKWs-Fuhrpark[\/vc_column_text][\/vc_column_inner][vc_column_inner width=&#8220;1\/2&#8243; offset=&#8220;vc_col-xs-6&#8243;][vc_column_text el_class=&#8220;highlight&#8220;]270+[\/vc_column_text][vc_column_text]Mitarbeiter[\/vc_column_text][\/vc_column_inner][\/vc_row_inner][vc_row_inner css=&#8220;.vc_custom_1708613444704{padding-top: 20px !important;}&#8220;][vc_column_inner width=&#8220;1\/2&#8243;][vc_column_text el_class=&#8220;highlight&#8220;]<\/p>\n<div><span lang=\"LT\">46,6<\/span><\/div>\n<p>[\/vc_column_text][vc_column_text]Mio. EUR Umsatz[\/vc_column_text][\/vc_column_inner][vc_column_inner width=&#8220;1\/2&#8243;][vc_column_text el_class=&#8220;highlight&#8220;]200000+[\/vc_column_text][vc_column_text]Transportierte PKWs pro Jahr[\/vc_column_text][\/vc_column_inner][\/vc_row_inner][\/vc_column][\/vc_row][vc_row gap=&#8220;35&#8243; equal_height=&#8220;yes&#8220; content_placement=&#8220;middle&#8220;][vc_column width=&#8220;1\/4&#8243;][\/vc_column][vc_column width=&#8220;1\/4&#8243; offset=&#8220;vc_col-xs-6&#8243;][vc_single_image image=&#8220;468&#8243; alignment=&#8220;center&#8220; css=&#8220;&#8220;][\/vc_column][vc_column width=&#8220;1\/4&#8243; offset=&#8220;vc_col-xs-6&#8243;][vc_single_image image=&#8220;335&#8243; img_size=&#8220;full&#8220; alignment=&#8220;center&#8220;][\/vc_column][vc_column width=&#8220;1\/4&#8243;][\/vc_column][\/vc_row][vc_row gap=&#8220;30&#8243; content_placement=&#8220;middle&#8220; css_animation=&#8220;fadeIn&#8220; bg_type=&#8220;image&#8220; parallax_style=&#8220;vcpb-default&#8220; bg_image_new=&#8220;id^131|url^https:\/\/ham.lt\/wp-content\/uploads\/2024\/02\/tan-kaninthanond-RFQTkli48e4-unsplash-1.jpg|caption^null|alt^null|title^tan-kaninthanond-RFQTkli48e4-unsplash 1|description^null&#8220; el_class=&#8220;round row-bg-gradient&#8220; css=&#8220;.vc_custom_1713814244269{margin-top: 50px !important;margin-right: 1px !important;margin-left: 1px !important;padding-top: 60px !important;padding-bottom: 60px !important;border-radius: 25px !important;}&#8220;][vc_column width=&#8220;1\/12&#8243;][\/vc_column][vc_column css_animation=&#8220;fadeInLeft&#8220; width=&#8220;5\/12&#8243;][vc_custom_heading text=&#8220;Transportdienstleistungen&#8220; font_container=&#8220;tag:h2|text_align:left|color:%23ffffff&#8220; use_theme_fonts=&#8220;yes&#8220; css=&#8220;.vc_custom_1708636686337{padding-bottom: 20px !important;}&#8220;][vc_column_text el_class=&#8220;white&#8220;]Transport von Neu- und Gebrauchtwagen in Europa, Export von Autos, Erstellung von Zolldokumenten (TIR), Express-Autotransport.[\/vc_column_text]<style type=\"text\/css\" data-type=\"the7_shortcodes-inline-css\">#default-btn-9afcec95e0598c863ceb1869830a8854.ico-right-side > i {\n  margin-right: 0px;\n  margin-left: 8px;\n}\n#default-btn-9afcec95e0598c863ceb1869830a8854 > i {\n  margin-right: 8px;\n}<\/style><a href=\"https:\/\/ham.lt\/de\/autotransport\/\" class=\"default-btn-shortcode dt-btn dt-btn-m link-hover-off btn-inline-left  vc_custom_1718287109687\" id=\"default-btn-9afcec95e0598c863ceb1869830a8854\" title=\"Transportdienstleistungen\"><span>Mehr Informationen<\/span><\/a>[\/vc_column][vc_column width=&#8220;6\/12&#8243;][\/vc_column][\/vc_row][vc_row gap=&#8220;30&#8243; content_placement=&#8220;middle&#8220; css_animation=&#8220;fadeIn&#8220; bg_type=&#8220;image&#8220; parallax_style=&#8220;vcpb-default&#8220; bg_image_new=&#8220;id^152|url^https:\/\/ham.lt\/wp-content\/uploads\/2024\/02\/viber_image_2024-02-15_15-03-14-545.jpg|caption^null|alt^null|title^viber_image_2024-02-15_15-03-14-545|description^null&#8220; bg_image_repeat=&#8220;no-repeat&#8220; el_class=&#8220;round row-bg-gradient&#8220; css=&#8220;.vc_custom_1709500198551{margin-top: 70px !important;margin-right: 1px !important;margin-left: 1px !important;padding-top: 60px !important;padding-bottom: 60px !important;border-radius: 25px !important;}&#8220;][vc_column width=&#8220;1\/12&#8243;][\/vc_column][vc_column css_animation=&#8220;fadeInLeft&#8220; width=&#8220;5\/12&#8243;][vc_custom_heading text=&#8220;Spedition&#8220; font_container=&#8220;tag:h2|text_align:left|color:%23ffffff&#8220; use_theme_fonts=&#8220;yes&#8220; css=&#8220;.vc_custom_1708636703066{padding-bottom: 20px !important;}&#8220;][vc_column_text el_class=&#8220;white&#8220;]Beste L\u00f6sungen f\u00fcr Ihre Fuhrpark![\/vc_column_text]<style type=\"text\/css\" data-type=\"the7_shortcodes-inline-css\">#default-btn-34748e4084024129cad68868740d632c.ico-right-side > i {\n  margin-right: 0px;\n  margin-left: 8px;\n}\n#default-btn-34748e4084024129cad68868740d632c > i {\n  margin-right: 8px;\n}<\/style><a href=\"https:\/\/ham.lt\/de\/spedition\/\" class=\"default-btn-shortcode dt-btn dt-btn-m link-hover-off btn-inline-left  vc_custom_1718287118099\" id=\"default-btn-34748e4084024129cad68868740d632c\" title=\"Spedition\"><span>Mehr Informationen<\/span><\/a>[\/vc_column][vc_column width=&#8220;6\/12&#8243;][\/vc_column][\/vc_row][vc_row gap=&#8220;30&#8243; content_placement=&#8220;middle&#8220; css_animation=&#8220;fadeIn&#8220; bg_type=&#8220;image&#8220; parallax_style=&#8220;vcpb-default&#8220; bg_image_new=&#8220;id^149|url^https:\/\/ham.lt\/wp-content\/uploads\/2024\/02\/tekton-e6Wr8LaH-Q8-unsplash.jpg|caption^null|alt^null|title^tekton-e6Wr8LaH-Q8-unsplash|description^null&#8220; el_class=&#8220;row-bg-gradient round&#8220; css=&#8220;.vc_custom_1709500208150{margin-top: 70px !important;margin-right: 1px !important;margin-left: 1px !important;padding-top: 60px !important;padding-bottom: 60px !important;border-radius: 25px !important;}&#8220;][vc_column width=&#8220;1\/12&#8243;][\/vc_column][vc_column css_animation=&#8220;fadeInLeft&#8220; width=&#8220;5\/12&#8243;][vc_custom_heading text=&#8220;Reparaturwerkstatt&#8220; font_container=&#8220;tag:h2|text_align:left|color:%23ffffff&#8220; use_theme_fonts=&#8220;yes&#8220; css=&#8220;.vc_custom_1708636720674{padding-bottom: 20px !important;}&#8220;][vc_column_text el_class=&#8220;white&#8220;]Instandhaltung von LKW (LKW, Anh\u00e4nger, Sattelanh\u00e4nger), Fehlerdiagnose und Erkennung, Reparaturarbeiten in Utena.[\/vc_column_text]<style type=\"text\/css\" data-type=\"the7_shortcodes-inline-css\">#default-btn-32b2549b1ed08acc3fff86f18ba8b291.ico-right-side > i {\n  margin-right: 0px;\n  margin-left: 8px;\n}\n#default-btn-32b2549b1ed08acc3fff86f18ba8b291 > i {\n  margin-right: 8px;\n}<\/style><a href=\"https:\/\/ham.lt\/de\/service\/\" class=\"default-btn-shortcode dt-btn dt-btn-m link-hover-off btn-inline-left  vc_custom_1718287127402\" id=\"default-btn-32b2549b1ed08acc3fff86f18ba8b291\" title=\"Reparaturwerkstatt\"><span>Mehr Informationen<\/span><\/a>[\/vc_column][vc_column width=&#8220;6\/12&#8243;][\/vc_column][\/vc_row][vc_row css=&#8220;.vc_custom_1708637792704{margin-top: 70px !important;}&#8220;][vc_column css_animation=&#8220;fadeInLeft&#8220; width=&#8220;2\/3&#8243;][vc_custom_heading text=&#8220;Vertrauen Sie Ihre PKW-Anlieferungen f\u00fcr uns&#8220; use_theme_fonts=&#8220;yes&#8220; css=&#8220;.vc_custom_1708637680598{padding-bottom: 20px !important;}&#8220;][vc_column_text]Zusammenarbeit mit den gr\u00f6\u00dften Automobil-Unternehmen in Europa. Lassen Sie uns \u00fcber Ihren Transportbedarf sprechen.[\/vc_column_text]<style type=\"text\/css\" data-type=\"the7_shortcodes-inline-css\">#default-btn-37e0f553d795a4d74f5c00dd957a4c15.ico-right-side > i {\n  margin-right: 0px;\n  margin-left: 8px;\n}\n#default-btn-37e0f553d795a4d74f5c00dd957a4c15 > i {\n  margin-right: 8px;\n}<\/style><a href=\"https:\/\/ham.lt\/de\/kontakt\/\" class=\"default-btn-shortcode dt-btn dt-btn-m link-hover-off btn-inline-left  vc_custom_1718287136633\" id=\"default-btn-37e0f553d795a4d74f5c00dd957a4c15\" title=\"Kontakt\"><span>Kontakt<\/span><\/a>[\/vc_column][vc_column css_animation=&#8220;fadeInRight&#8220; width=&#8220;1\/3&#8243; css=&#8220;.vc_custom_1708641984724{padding-right: 55px !important;padding-left: 55px !important;}&#8220; offset=&#8220;vc_hidden-sm vc_hidden-xs&#8220;][vc_single_image image=&#8220;188&#8243; img_size=&#8220;full&#8220; alignment=&#8220;center&#8220;][\/vc_column][\/vc_row]<\/p>\n<\/div>","protected":false},"excerpt":{"rendered":"<p>[vc_row full_width=&#8220;stretch_row&#8220; content_placement=&#8220;middle&#8220; css_animation=&#8220;fadeIn&#8220; bg_type=&#8220;image&#8220; parallax_style=&#8220;vcpb-default&#8220; bg_image_new=&#8220;id^32|url^https:\/\/ham.lt\/wp-content\/uploads\/2024\/02\/viber_image_2024-02-15_15-03-17-018.jpg|caption^null|alt^null|title^viber_image_2024-02-15_15-03-17-018|description^null&#8220; bg_image_repeat=&#8220;no-repeat&#8220; css=&#8220;.vc_custom_1713814167312{margin-top: -70px !important;padding-top: 50px !important;padding-bottom: 70px !important;}&#8220; el_class=&#8220;row-bg-gradient&#8220;][vc_column width=&#8220;5\/6&#8243;][vc_custom_heading text=&#8220;Autotransportdienstleistungen seit 2010.&#8220; font_container=&#8220;tag:h3|text_align:left|color:%23ffffff&#8220; use_theme_fonts=&#8220;yes&#8220; css_animation=&#8220;fadeInLeft&#8220; css=&#8220;.vc_custom_1718287081304{padding-bottom: 20px !important;}&#8220;][\/vc_column][vc_column width=&#8220;1\/6&#8243;][\/vc_column][\/vc_row][vc_row gap=&#8220;35&#8243; equal_height=&#8220;yes&#8220; content_placement=&#8220;middle&#8220; css=&#8220;.vc_custom_1713814222105{margin-top: 50px !important;}&#8220;][vc_column css_animation=&#8220;fadeInLeft&#8220; width=&#8220;1\/2&#8243;][vc_single_image image=&#8220;118&#8243; img_size=&#8220;full&#8220; alignment=&#8220;center&#8220;][\/vc_column][vc_column css_animation=&#8220;fadeInRight&#8220; width=&#8220;1\/2&#8243;][vc_custom_heading text=&#8220;\u00dcber uns&#8220; use_theme_fonts=&#8220;yes&#8220; css=&#8220;.vc_custom_1708613104552{padding-bottom: 20px !important;}&#8220;][vc_column_text]\u201eHermes Asset Management\u201d ist ein internationales Unternehmen mit langj\u00e4hriger Erfahrung&hellip;<\/p>\n","protected":false},"author":1,"featured_media":0,"parent":0,"menu_order":0,"comment_status":"closed","ping_status":"closed","template":"","meta":{"footnotes":""},"class_list":["post-419","page","type-page","status-publish","hentry","description-off"],"yoast_head":"<!-- This site is optimized with the Yoast SEO plugin v27.4 - https:\/\/yoast.com\/product\/yoast-seo-wordpress\/ -->\n<title>\u00dcber uns - Hermes Asset Management<\/title>\n<meta name=\"robots\" content=\"index, follow, max-snippet:-1, max-image-preview:large, max-video-preview:-1\" \/>\n<link rel=\"canonical\" href=\"https:\/\/ham.lt\/de\/ueber-uns\/\" \/>\n<meta property=\"og:locale\" content=\"de_DE\" \/>\n<meta property=\"og:type\" content=\"article\" \/>\n<meta property=\"og:title\" content=\"\u00dcber uns - Hermes Asset Management\" \/>\n<meta property=\"og:description\" content=\"[vc_row full_width=&#8220;stretch_row&#8220; content_placement=&#8220;middle&#8220; css_animation=&#8220;fadeIn&#8220; bg_type=&#8220;image&#8220; parallax_style=&#8220;vcpb-default&#8220; bg_image_new=&#8220;id^32|url^https:\/\/ham.lt\/wp-content\/uploads\/2024\/02\/viber_image_2024-02-15_15-03-17-018.jpg|caption^null|alt^null|title^viber_image_2024-02-15_15-03-17-018|description^null&#8220; bg_image_repeat=&#8220;no-repeat&#8220; css=&#8220;.vc_custom_1713814167312{margin-top: -70px !important;padding-top: 50px !important;padding-bottom: 70px !important;}&#8220; el_class=&#8220;row-bg-gradient&#8220;][vc_column width=&#8220;5\/6&#8243;][vc_custom_heading text=&#8220;Autotransportdienstleistungen seit 2010.&#8220; font_container=&#8220;tag:h3|text_align:left|color:%23ffffff&#8220; use_theme_fonts=&#8220;yes&#8220; css_animation=&#8220;fadeInLeft&#8220; css=&#8220;.vc_custom_1718287081304{padding-bottom: 20px !important;}&#8220;][\/vc_column][vc_column width=&#8220;1\/6&#8243;][\/vc_column][\/vc_row][vc_row gap=&#8220;35&#8243; equal_height=&#8220;yes&#8220; content_placement=&#8220;middle&#8220; css=&#8220;.vc_custom_1713814222105{margin-top: 50px !important;}&#8220;][vc_column css_animation=&#8220;fadeInLeft&#8220; width=&#8220;1\/2&#8243;][vc_single_image image=&#8220;118&#8243; img_size=&#8220;full&#8220; alignment=&#8220;center&#8220;][\/vc_column][vc_column css_animation=&#8220;fadeInRight&#8220; width=&#8220;1\/2&#8243;][vc_custom_heading text=&#8220;\u00dcber uns&#8220; use_theme_fonts=&#8220;yes&#8220; css=&#8220;.vc_custom_1708613104552{padding-bottom: 20px !important;}&#8220;][vc_column_text]\u201eHermes Asset Management\u201d ist ein internationales Unternehmen mit langj\u00e4hriger Erfahrung&hellip;\" \/>\n<meta property=\"og:url\" content=\"https:\/\/ham.lt\/de\/ueber-uns\/\" \/>\n<meta property=\"og:site_name\" content=\"Hermes Asset Management\" \/>\n<meta property=\"article:modified_time\" content=\"2025-04-28T10:48:11+00:00\" \/>\n<meta property=\"og:image\" content=\"https:\/\/ham.lt\/wp-content\/uploads\/2024\/06\/og.jpg\" \/>\n\t<meta property=\"og:image:width\" content=\"1600\" \/>\n\t<meta property=\"og:image:height\" content=\"739\" \/>\n\t<meta property=\"og:image:type\" content=\"image\/jpeg\" \/>\n<meta name=\"twitter:card\" content=\"summary_large_image\" \/>\n<meta name=\"twitter:label1\" content=\"Gesch\u00e4tzte Lesezeit\" \/>\n\t<meta name=\"twitter:data1\" content=\"2\u00a0Minuten\" \/>\n<script type=\"application\/ld+json\" class=\"yoast-schema-graph\">{\"@context\":\"https:\\\/\\\/schema.org\",\"@graph\":[{\"@type\":\"WebPage\",\"@id\":\"https:\\\/\\\/ham.lt\\\/de\\\/ueber-uns\\\/\",\"url\":\"https:\\\/\\\/ham.lt\\\/de\\\/ueber-uns\\\/\",\"name\":\"\u00dcber uns - Hermes Asset Management\",\"isPartOf\":{\"@id\":\"https:\\\/\\\/ham.lt\\\/#website\"},\"datePublished\":\"2024-02-15T20:15:57+00:00\",\"dateModified\":\"2025-04-28T10:48:11+00:00\",\"breadcrumb\":{\"@id\":\"https:\\\/\\\/ham.lt\\\/de\\\/ueber-uns\\\/#breadcrumb\"},\"inLanguage\":\"de\",\"potentialAction\":[{\"@type\":\"ReadAction\",\"target\":[\"https:\\\/\\\/ham.lt\\\/de\\\/ueber-uns\\\/\"]}]},{\"@type\":\"BreadcrumbList\",\"@id\":\"https:\\\/\\\/ham.lt\\\/de\\\/ueber-uns\\\/#breadcrumb\",\"itemListElement\":[{\"@type\":\"ListItem\",\"position\":1,\"name\":\"Home\",\"item\":\"https:\\\/\\\/ham.lt\\\/de\\\/\"},{\"@type\":\"ListItem\",\"position\":2,\"name\":\"\u00dcber uns\"}]},{\"@type\":\"WebSite\",\"@id\":\"https:\\\/\\\/ham.lt\\\/#website\",\"url\":\"https:\\\/\\\/ham.lt\\\/\",\"name\":\"Hermes Asset Management\",\"description\":\"\",\"publisher\":{\"@id\":\"https:\\\/\\\/ham.lt\\\/#organization\"},\"potentialAction\":[{\"@type\":\"SearchAction\",\"target\":{\"@type\":\"EntryPoint\",\"urlTemplate\":\"https:\\\/\\\/ham.lt\\\/?s={search_term_string}\"},\"query-input\":{\"@type\":\"PropertyValueSpecification\",\"valueRequired\":true,\"valueName\":\"search_term_string\"}}],\"inLanguage\":\"de\"},{\"@type\":\"Organization\",\"@id\":\"https:\\\/\\\/ham.lt\\\/#organization\",\"name\":\"Hermes Asset Management\",\"url\":\"https:\\\/\\\/ham.lt\\\/\",\"logo\":{\"@type\":\"ImageObject\",\"inLanguage\":\"de\",\"@id\":\"https:\\\/\\\/ham.lt\\\/#\\\/schema\\\/logo\\\/image\\\/\",\"url\":\"https:\\\/\\\/ham.lt\\\/wp-content\\\/uploads\\\/2024\\\/02\\\/logo-black-35.svg\",\"contentUrl\":\"https:\\\/\\\/ham.lt\\\/wp-content\\\/uploads\\\/2024\\\/02\\\/logo-black-35.svg\",\"width\":1,\"height\":1,\"caption\":\"Hermes Asset Management\"},\"image\":{\"@id\":\"https:\\\/\\\/ham.lt\\\/#\\\/schema\\\/logo\\\/image\\\/\"}}]}<\/script>\n<!-- \/ Yoast SEO plugin. -->","yoast_head_json":{"title":"\u00dcber uns - Hermes Asset Management","robots":{"index":"index","follow":"follow","max-snippet":"max-snippet:-1","max-image-preview":"max-image-preview:large","max-video-preview":"max-video-preview:-1"},"canonical":"https:\/\/ham.lt\/de\/ueber-uns\/","og_locale":"de_DE","og_type":"article","og_title":"\u00dcber uns - Hermes Asset Management","og_description":"[vc_row full_width=&#8220;stretch_row&#8220; content_placement=&#8220;middle&#8220; css_animation=&#8220;fadeIn&#8220; bg_type=&#8220;image&#8220; parallax_style=&#8220;vcpb-default&#8220; bg_image_new=&#8220;id^32|url^https:\/\/ham.lt\/wp-content\/uploads\/2024\/02\/viber_image_2024-02-15_15-03-17-018.jpg|caption^null|alt^null|title^viber_image_2024-02-15_15-03-17-018|description^null&#8220; bg_image_repeat=&#8220;no-repeat&#8220; css=&#8220;.vc_custom_1713814167312{margin-top: -70px !important;padding-top: 50px !important;padding-bottom: 70px !important;}&#8220; el_class=&#8220;row-bg-gradient&#8220;][vc_column width=&#8220;5\/6&#8243;][vc_custom_heading text=&#8220;Autotransportdienstleistungen seit 2010.&#8220; font_container=&#8220;tag:h3|text_align:left|color:%23ffffff&#8220; use_theme_fonts=&#8220;yes&#8220; css_animation=&#8220;fadeInLeft&#8220; css=&#8220;.vc_custom_1718287081304{padding-bottom: 20px !important;}&#8220;][\/vc_column][vc_column width=&#8220;1\/6&#8243;][\/vc_column][\/vc_row][vc_row gap=&#8220;35&#8243; equal_height=&#8220;yes&#8220; content_placement=&#8220;middle&#8220; css=&#8220;.vc_custom_1713814222105{margin-top: 50px !important;}&#8220;][vc_column css_animation=&#8220;fadeInLeft&#8220; width=&#8220;1\/2&#8243;][vc_single_image image=&#8220;118&#8243; img_size=&#8220;full&#8220; alignment=&#8220;center&#8220;][\/vc_column][vc_column css_animation=&#8220;fadeInRight&#8220; width=&#8220;1\/2&#8243;][vc_custom_heading text=&#8220;\u00dcber uns&#8220; use_theme_fonts=&#8220;yes&#8220; css=&#8220;.vc_custom_1708613104552{padding-bottom: 20px !important;}&#8220;][vc_column_text]\u201eHermes Asset Management\u201d ist ein internationales Unternehmen mit langj\u00e4hriger Erfahrung&hellip;","og_url":"https:\/\/ham.lt\/de\/ueber-uns\/","og_site_name":"Hermes Asset Management","article_modified_time":"2025-04-28T10:48:11+00:00","og_image":[{"width":1600,"height":739,"url":"https:\/\/ham.lt\/wp-content\/uploads\/2024\/06\/og.jpg","type":"image\/jpeg"}],"twitter_card":"summary_large_image","twitter_misc":{"Gesch\u00e4tzte Lesezeit":"2\u00a0Minuten"},"schema":{"@context":"https:\/\/schema.org","@graph":[{"@type":"WebPage","@id":"https:\/\/ham.lt\/de\/ueber-uns\/","url":"https:\/\/ham.lt\/de\/ueber-uns\/","name":"\u00dcber uns - Hermes Asset Management","isPartOf":{"@id":"https:\/\/ham.lt\/#website"},"datePublished":"2024-02-15T20:15:57+00:00","dateModified":"2025-04-28T10:48:11+00:00","breadcrumb":{"@id":"https:\/\/ham.lt\/de\/ueber-uns\/#breadcrumb"},"inLanguage":"de","potentialAction":[{"@type":"ReadAction","target":["https:\/\/ham.lt\/de\/ueber-uns\/"]}]},{"@type":"BreadcrumbList","@id":"https:\/\/ham.lt\/de\/ueber-uns\/#breadcrumb","itemListElement":[{"@type":"ListItem","position":1,"name":"Home","item":"https:\/\/ham.lt\/de\/"},{"@type":"ListItem","position":2,"name":"\u00dcber uns"}]},{"@type":"WebSite","@id":"https:\/\/ham.lt\/#website","url":"https:\/\/ham.lt\/","name":"Hermes Asset Management","description":"","publisher":{"@id":"https:\/\/ham.lt\/#organization"},"potentialAction":[{"@type":"SearchAction","target":{"@type":"EntryPoint","urlTemplate":"https:\/\/ham.lt\/?s={search_term_string}"},"query-input":{"@type":"PropertyValueSpecification","valueRequired":true,"valueName":"search_term_string"}}],"inLanguage":"de"},{"@type":"Organization","@id":"https:\/\/ham.lt\/#organization","name":"Hermes Asset Management","url":"https:\/\/ham.lt\/","logo":{"@type":"ImageObject","inLanguage":"de","@id":"https:\/\/ham.lt\/#\/schema\/logo\/image\/","url":"https:\/\/ham.lt\/wp-content\/uploads\/2024\/02\/logo-black-35.svg","contentUrl":"https:\/\/ham.lt\/wp-content\/uploads\/2024\/02\/logo-black-35.svg","width":1,"height":1,"caption":"Hermes Asset Management"},"image":{"@id":"https:\/\/ham.lt\/#\/schema\/logo\/image\/"}}]}},"_links":{"self":[{"href":"https:\/\/ham.lt\/de\/wp-json\/wp\/v2\/pages\/419","targetHints":{"allow":["GET"]}}],"collection":[{"href":"https:\/\/ham.lt\/de\/wp-json\/wp\/v2\/pages"}],"about":[{"href":"https:\/\/ham.lt\/de\/wp-json\/wp\/v2\/types\/page"}],"author":[{"embeddable":true,"href":"https:\/\/ham.lt\/de\/wp-json\/wp\/v2\/users\/1"}],"replies":[{"embeddable":true,"href":"https:\/\/ham.lt\/de\/wp-json\/wp\/v2\/comments?post=419"}],"version-history":[{"count":7,"href":"https:\/\/ham.lt\/de\/wp-json\/wp\/v2\/pages\/419\/revisions"}],"predecessor-version":[{"id":470,"href":"https:\/\/ham.lt\/de\/wp-json\/wp\/v2\/pages\/419\/revisions\/470"}],"wp:attachment":[{"href":"https:\/\/ham.lt\/de\/wp-json\/wp\/v2\/media?parent=419"}],"curies":[{"name":"wp","href":"https:\/\/api.w.org\/{rel}","templated":true}]}}