{"id":424,"date":"2024-02-15T22:15:47","date_gmt":"2024-02-15T20:15:47","guid":{"rendered":"https:\/\/ham.lt\/serviso-paslaugos\/"},"modified":"2024-06-13T16:54:13","modified_gmt":"2024-06-13T13:54:13","slug":"service","status":"publish","type":"page","link":"https:\/\/ham.lt\/de\/service\/","title":{"rendered":"Reparaturwerkstatt"},"content":{"rendered":"<div class=\"wpb-content-wrapper\"><p>[vc_row full_width=&#8220;stretch_row&#8220; content_placement=&#8220;middle&#8220; css_animation=&#8220;fadeIn&#8220; bg_type=&#8220;image&#8220; parallax_style=&#8220;vcpb-default&#8220; bg_image_new=&#8220;id^149|url^https:\/\/ham.lt\/wp-content\/uploads\/2024\/02\/tekton-e6Wr8LaH-Q8-unsplash.jpg|caption^null|alt^null|title^tekton-e6Wr8LaH-Q8-unsplash|description^null&#8220; bg_image_repeat=&#8220;no-repeat&#8220; css=&#8220;.vc_custom_1709500655014{margin-top: -70px !important;padding-top: 60px !important;padding-bottom: 60px !important;}&#8220; el_class=&#8220;row-bg-gradient&#8220;][vc_column width=&#8220;1\/2&#8243;][vc_custom_heading text=&#8220;Reparaturwerkstatt&#8220; font_container=&#8220;tag:h1|text_align:left|color:%23ffffff&#8220; use_theme_fonts=&#8220;yes&#8220; css_animation=&#8220;fadeInLeft&#8220; css=&#8220;.vc_custom_1709242022134{padding-bottom: 20px !important;}&#8220;][vc_column_text css_animation=&#8220;fadeInLeft&#8220; el_class=&#8220;white&#8220;]Krovininio transporto remontas Utenoje.[\/vc_column_text][\/vc_column][vc_column width=&#8220;1\/2&#8243;][\/vc_column][\/vc_row][vc_row gap=&#8220;35&#8243; equal_height=&#8220;yes&#8220; content_placement=&#8220;middle&#8220; css=&#8220;.vc_custom_1708613465916{margin-top: 70px !important;}&#8220;][vc_column css_animation=&#8220;fadeInLeft&#8220; width=&#8220;7\/12&#8243;][vc_custom_heading text=&#8220;Geschwindigkeit, Sicherheit, Qualit\u00e4t!&#8220; font_container=&#8220;tag:h3|text_align:left&#8220; use_theme_fonts=&#8220;yes&#8220; css=&#8220;.vc_custom_1709501015209{padding-bottom: 30px !important;}&#8220;]<div class=\"standard-arrow list-divider\"><ul>\n<li>Moderne, gut ausgestattete LKW-Service\/ Reparaturwerkstatt.<\/li>\n<li>Instandhaltung von LKW (LKW, Anh\u00e4nger, Sattelanh\u00e4nger), Fehlerdiagnose und Erkennung, Reparaturarbeiten in Utena.<\/li>\n<li>Abschluss von langfristigen Kooperationsvereinbarungen auf Anfrage.<\/li>\n<li>Garantie-Reparatur f\u00fcr LKW.<\/li>\n<\/ul>\n<\/div>[\/vc_column][vc_column css_animation=&#8220;fadeInRight&#8220; width=&#8220;5\/12&#8243;][vc_single_image image=&#8220;268&#8243; img_size=&#8220;full&#8220; alignment=&#8220;center&#8220; el_class=&#8220;round&#8220;][\/vc_column][\/vc_row][vc_row gap=&#8220;35&#8243; equal_height=&#8220;yes&#8220; content_placement=&#8220;middle&#8220; css=&#8220;.vc_custom_1708613465916{margin-top: 70px !important;}&#8220;][vc_column css_animation=&#8220;fadeInLeft&#8220; width=&#8220;5\/12&#8243;][vc_single_image image=&#8220;263&#8243; img_size=&#8220;full&#8220; alignment=&#8220;center&#8220; el_class=&#8220;round&#8220;][\/vc_column][vc_column css_animation=&#8220;fadeInRight&#8220; width=&#8220;7\/12&#8243;][vc_custom_heading text=&#8220;Erbrachte Dienstleistungen&#8220; font_container=&#8220;tag:h3|text_align:left&#8220; use_theme_fonts=&#8220;yes&#8220; css=&#8220;.vc_custom_1709501022213{padding-bottom: 30px !important;}&#8220;]<div class=\"standard-arrow list-divider\"><ul>\n<li>Fehlerdiagnose und Reparatur von LKW-Fahrgestellen<\/li>\n<li>Kleinere oder komplette Reparatur von Motoren, Motorgetrieben und Untersetzungsgetrieben<\/li>\n<li>Diagnose und Reparatur von Luftfederungsfehlern<\/li>\n<li>Diagnose und Reparatur von elektrischer Austattung<\/li>\n<li>Reparatur von Hydrauliksystemen<\/li>\n<li>Reparatur und Herstellung von Hochdruck-Hydraulikschl\u00e4uchen<\/li>\n<li>Bremssystemreparatur und Effizienzdiagnose<\/li>\n<li>Radausrichtung und Geometrie<\/li>\n<li>Reparatur von autonomen Heizger\u00e4ten<\/li>\n<li>Schwei\u00dfen von rostfreiem Stahl, Aluminium und dessen Legierungen in der Atmosph\u00e4re f\u00fcr Argon<\/li>\n<li>Unfall-Reparaturen<\/li>\n<li>Reifenmontage und Radabgleich, Reparatur und Bef\u00fcllung von Klimaanlagen<\/li>\n<li>Karosserie-Bearbeitung und Lackiererei<\/li>\n<li>Vorbereitung und Lackierung von Einzelteilen<\/li>\n<li>Wechsel der Schmiermittel<\/li>\n<li>Reparatur- und Schwei\u00dfarbeiten von Autotransporteraufbaue<\/li>\n<li>Lackierung von Autotransportern<\/li>\n<\/ul>\n<\/div>[\/vc_column][\/vc_row][vc_row css_animation=&#8220;fadeInUp&#8220; css=&#8220;.vc_custom_1709241654365{margin-top: 70px !important;}&#8220;][vc_column width=&#8220;1\/4&#8243;][vc_column_text el_class=&#8220;highlight&#8220;]10+[\/vc_column_text][vc_column_text]Jahre Erfahrung[\/vc_column_text][\/vc_column][vc_column width=&#8220;1\/4&#8243;][vc_column_text el_class=&#8220;highlight&#8220;]7[\/vc_column_text][vc_column_text]Team von Fachleuten[\/vc_column_text][\/vc_column][vc_column width=&#8220;1\/4&#8243;][vc_column_text el_class=&#8220;highlight&#8220;]2[\/vc_column_text][vc_column_text]Service (Litauen und Deutschland)[\/vc_column_text][\/vc_column][vc_column width=&#8220;1\/4&#8243;][\/vc_column][\/vc_row][vc_row css=&#8220;.vc_custom_1708637792704{margin-top: 70px !important;}&#8220;][vc_column css_animation=&#8220;fadeInLeft&#8220; width=&#8220;2\/3&#8243;][vc_custom_heading text=&#8220;\u00dcberlassen Sie die Wartung Ihrer LKWs den Profis&#8220; use_theme_fonts=&#8220;yes&#8220; css=&#8220;.vc_custom_1709242458770{padding-bottom: 20px !important;}&#8220;]<style type=\"text\/css\" data-type=\"the7_shortcodes-inline-css\">#default-btn-e641290144dac7e993d9ff367ee60f95.ico-right-side > i {\n  margin-right: 0px;\n  margin-left: 8px;\n}\n#default-btn-e641290144dac7e993d9ff367ee60f95 > i {\n  margin-right: 8px;\n}<\/style><a href=\"https:\/\/ham.lt\/de\/kontakt\/\" class=\"default-btn-shortcode dt-btn dt-btn-m link-hover-off btn-inline-left  vc_custom_1718286852142\" id=\"default-btn-e641290144dac7e993d9ff367ee60f95\" title=\"Kontakt\"><span>Kontakt<\/span><\/a>[\/vc_column][vc_column css_animation=&#8220;fadeInRight&#8220; width=&#8220;1\/3&#8243; css=&#8220;.vc_custom_1708641984724{padding-right: 55px !important;padding-left: 55px !important;}&#8220; offset=&#8220;vc_hidden-sm vc_hidden-xs&#8220;][vc_single_image image=&#8220;188&#8243; img_size=&#8220;full&#8220; alignment=&#8220;center&#8220;][\/vc_column][\/vc_row]<\/p>\n<\/div>","protected":false},"excerpt":{"rendered":"<p>[vc_row full_width=&#8220;stretch_row&#8220; content_placement=&#8220;middle&#8220; css_animation=&#8220;fadeIn&#8220; bg_type=&#8220;image&#8220; parallax_style=&#8220;vcpb-default&#8220; bg_image_new=&#8220;id^149|url^https:\/\/ham.lt\/wp-content\/uploads\/2024\/02\/tekton-e6Wr8LaH-Q8-unsplash.jpg|caption^null|alt^null|title^tekton-e6Wr8LaH-Q8-unsplash|description^null&#8220; bg_image_repeat=&#8220;no-repeat&#8220; css=&#8220;.vc_custom_1709500655014{margin-top: -70px !important;padding-top: 60px !important;padding-bottom: 60px !important;}&#8220; el_class=&#8220;row-bg-gradient&#8220;][vc_column width=&#8220;1\/2&#8243;][vc_custom_heading text=&#8220;Reparaturwerkstatt&#8220; font_container=&#8220;tag:h1|text_align:left|color:%23ffffff&#8220; use_theme_fonts=&#8220;yes&#8220; css_animation=&#8220;fadeInLeft&#8220; css=&#8220;.vc_custom_1709242022134{padding-bottom: 20px !important;}&#8220;][vc_column_text css_animation=&#8220;fadeInLeft&#8220; el_class=&#8220;white&#8220;]Krovininio transporto remontas Utenoje.[\/vc_column_text][\/vc_column][vc_column width=&#8220;1\/2&#8243;][\/vc_column][\/vc_row][vc_row gap=&#8220;35&#8243; equal_height=&#8220;yes&#8220; content_placement=&#8220;middle&#8220; css=&#8220;.vc_custom_1708613465916{margin-top: 70px !important;}&#8220;][vc_column css_animation=&#8220;fadeInLeft&#8220; width=&#8220;7\/12&#8243;][vc_custom_heading text=&#8220;Geschwindigkeit, Sicherheit, Qualit\u00e4t!&#8220; font_container=&#8220;tag:h3|text_align:left&#8220; use_theme_fonts=&#8220;yes&#8220; css=&#8220;.vc_custom_1709501015209{padding-bottom: 30px !important;}&#8220;][\/vc_column][vc_column css_animation=&#8220;fadeInRight&#8220; width=&#8220;5\/12&#8243;][vc_single_image image=&#8220;268&#8243; img_size=&#8220;full&#8220; alignment=&#8220;center&#8220; el_class=&#8220;round&#8220;][\/vc_column][\/vc_row][vc_row gap=&#8220;35&#8243; equal_height=&#8220;yes&#8220; content_placement=&#8220;middle&#8220;&hellip;<\/p>\n","protected":false},"author":1,"featured_media":0,"parent":0,"menu_order":0,"comment_status":"closed","ping_status":"closed","template":"","meta":{"footnotes":""},"class_list":["post-424","page","type-page","status-publish","hentry","description-off"],"yoast_head":"<!-- This site is optimized with the Yoast SEO plugin v27.4 - https:\/\/yoast.com\/product\/yoast-seo-wordpress\/ -->\n<title>Reparaturwerkstatt - Hermes Asset Management<\/title>\n<meta name=\"robots\" content=\"index, follow, max-snippet:-1, max-image-preview:large, max-video-preview:-1\" \/>\n<link rel=\"canonical\" href=\"https:\/\/ham.lt\/de\/service\/\" \/>\n<meta property=\"og:locale\" content=\"de_DE\" \/>\n<meta property=\"og:type\" content=\"article\" \/>\n<meta property=\"og:title\" content=\"Reparaturwerkstatt - Hermes Asset Management\" \/>\n<meta property=\"og:description\" content=\"[vc_row full_width=&#8220;stretch_row&#8220; content_placement=&#8220;middle&#8220; css_animation=&#8220;fadeIn&#8220; bg_type=&#8220;image&#8220; parallax_style=&#8220;vcpb-default&#8220; bg_image_new=&#8220;id^149|url^https:\/\/ham.lt\/wp-content\/uploads\/2024\/02\/tekton-e6Wr8LaH-Q8-unsplash.jpg|caption^null|alt^null|title^tekton-e6Wr8LaH-Q8-unsplash|description^null&#8220; bg_image_repeat=&#8220;no-repeat&#8220; css=&#8220;.vc_custom_1709500655014{margin-top: -70px !important;padding-top: 60px !important;padding-bottom: 60px !important;}&#8220; el_class=&#8220;row-bg-gradient&#8220;][vc_column width=&#8220;1\/2&#8243;][vc_custom_heading text=&#8220;Reparaturwerkstatt&#8220; font_container=&#8220;tag:h1|text_align:left|color:%23ffffff&#8220; use_theme_fonts=&#8220;yes&#8220; css_animation=&#8220;fadeInLeft&#8220; css=&#8220;.vc_custom_1709242022134{padding-bottom: 20px !important;}&#8220;][vc_column_text css_animation=&#8220;fadeInLeft&#8220; el_class=&#8220;white&#8220;]Krovininio transporto remontas Utenoje.[\/vc_column_text][\/vc_column][vc_column width=&#8220;1\/2&#8243;][\/vc_column][\/vc_row][vc_row gap=&#8220;35&#8243; equal_height=&#8220;yes&#8220; content_placement=&#8220;middle&#8220; css=&#8220;.vc_custom_1708613465916{margin-top: 70px !important;}&#8220;][vc_column css_animation=&#8220;fadeInLeft&#8220; width=&#8220;7\/12&#8243;][vc_custom_heading text=&#8220;Geschwindigkeit, Sicherheit, Qualit\u00e4t!&#8220; font_container=&#8220;tag:h3|text_align:left&#8220; use_theme_fonts=&#8220;yes&#8220; css=&#8220;.vc_custom_1709501015209{padding-bottom: 30px !important;}&#8220;][\/vc_column][vc_column css_animation=&#8220;fadeInRight&#8220; width=&#8220;5\/12&#8243;][vc_single_image image=&#8220;268&#8243; img_size=&#8220;full&#8220; alignment=&#8220;center&#8220; el_class=&#8220;round&#8220;][\/vc_column][\/vc_row][vc_row gap=&#8220;35&#8243; equal_height=&#8220;yes&#8220; content_placement=&#8220;middle&#8220;&hellip;\" \/>\n<meta property=\"og:url\" content=\"https:\/\/ham.lt\/de\/service\/\" \/>\n<meta property=\"og:site_name\" content=\"Hermes Asset Management\" \/>\n<meta property=\"article:modified_time\" content=\"2024-06-13T13:54:13+00:00\" \/>\n<meta property=\"og:image\" content=\"https:\/\/ham.lt\/wp-content\/uploads\/2024\/06\/og.jpg\" \/>\n\t<meta property=\"og:image:width\" content=\"1600\" \/>\n\t<meta property=\"og:image:height\" content=\"739\" \/>\n\t<meta property=\"og:image:type\" content=\"image\/jpeg\" \/>\n<meta name=\"twitter:card\" content=\"summary_large_image\" \/>\n<meta name=\"twitter:label1\" content=\"Gesch\u00e4tzte Lesezeit\" \/>\n\t<meta name=\"twitter:data1\" content=\"3\u00a0Minuten\" \/>\n<script type=\"application\/ld+json\" class=\"yoast-schema-graph\">{\"@context\":\"https:\\\/\\\/schema.org\",\"@graph\":[{\"@type\":\"WebPage\",\"@id\":\"https:\\\/\\\/ham.lt\\\/de\\\/service\\\/\",\"url\":\"https:\\\/\\\/ham.lt\\\/de\\\/service\\\/\",\"name\":\"Reparaturwerkstatt - Hermes Asset Management\",\"isPartOf\":{\"@id\":\"https:\\\/\\\/ham.lt\\\/#website\"},\"datePublished\":\"2024-02-15T20:15:47+00:00\",\"dateModified\":\"2024-06-13T13:54:13+00:00\",\"breadcrumb\":{\"@id\":\"https:\\\/\\\/ham.lt\\\/de\\\/service\\\/#breadcrumb\"},\"inLanguage\":\"de\",\"potentialAction\":[{\"@type\":\"ReadAction\",\"target\":[\"https:\\\/\\\/ham.lt\\\/de\\\/service\\\/\"]}]},{\"@type\":\"BreadcrumbList\",\"@id\":\"https:\\\/\\\/ham.lt\\\/de\\\/service\\\/#breadcrumb\",\"itemListElement\":[{\"@type\":\"ListItem\",\"position\":1,\"name\":\"Home\",\"item\":\"https:\\\/\\\/ham.lt\\\/de\\\/\"},{\"@type\":\"ListItem\",\"position\":2,\"name\":\"Reparaturwerkstatt\"}]},{\"@type\":\"WebSite\",\"@id\":\"https:\\\/\\\/ham.lt\\\/#website\",\"url\":\"https:\\\/\\\/ham.lt\\\/\",\"name\":\"Hermes Asset Management\",\"description\":\"\",\"publisher\":{\"@id\":\"https:\\\/\\\/ham.lt\\\/#organization\"},\"potentialAction\":[{\"@type\":\"SearchAction\",\"target\":{\"@type\":\"EntryPoint\",\"urlTemplate\":\"https:\\\/\\\/ham.lt\\\/?s={search_term_string}\"},\"query-input\":{\"@type\":\"PropertyValueSpecification\",\"valueRequired\":true,\"valueName\":\"search_term_string\"}}],\"inLanguage\":\"de\"},{\"@type\":\"Organization\",\"@id\":\"https:\\\/\\\/ham.lt\\\/#organization\",\"name\":\"Hermes Asset Management\",\"url\":\"https:\\\/\\\/ham.lt\\\/\",\"logo\":{\"@type\":\"ImageObject\",\"inLanguage\":\"de\",\"@id\":\"https:\\\/\\\/ham.lt\\\/#\\\/schema\\\/logo\\\/image\\\/\",\"url\":\"https:\\\/\\\/ham.lt\\\/wp-content\\\/uploads\\\/2024\\\/02\\\/logo-black-35.svg\",\"contentUrl\":\"https:\\\/\\\/ham.lt\\\/wp-content\\\/uploads\\\/2024\\\/02\\\/logo-black-35.svg\",\"width\":1,\"height\":1,\"caption\":\"Hermes Asset Management\"},\"image\":{\"@id\":\"https:\\\/\\\/ham.lt\\\/#\\\/schema\\\/logo\\\/image\\\/\"}}]}<\/script>\n<!-- \/ Yoast SEO plugin. -->","yoast_head_json":{"title":"Reparaturwerkstatt - Hermes Asset Management","robots":{"index":"index","follow":"follow","max-snippet":"max-snippet:-1","max-image-preview":"max-image-preview:large","max-video-preview":"max-video-preview:-1"},"canonical":"https:\/\/ham.lt\/de\/service\/","og_locale":"de_DE","og_type":"article","og_title":"Reparaturwerkstatt - Hermes Asset Management","og_description":"[vc_row full_width=&#8220;stretch_row&#8220; content_placement=&#8220;middle&#8220; css_animation=&#8220;fadeIn&#8220; bg_type=&#8220;image&#8220; parallax_style=&#8220;vcpb-default&#8220; bg_image_new=&#8220;id^149|url^https:\/\/ham.lt\/wp-content\/uploads\/2024\/02\/tekton-e6Wr8LaH-Q8-unsplash.jpg|caption^null|alt^null|title^tekton-e6Wr8LaH-Q8-unsplash|description^null&#8220; bg_image_repeat=&#8220;no-repeat&#8220; css=&#8220;.vc_custom_1709500655014{margin-top: -70px !important;padding-top: 60px !important;padding-bottom: 60px !important;}&#8220; el_class=&#8220;row-bg-gradient&#8220;][vc_column width=&#8220;1\/2&#8243;][vc_custom_heading text=&#8220;Reparaturwerkstatt&#8220; font_container=&#8220;tag:h1|text_align:left|color:%23ffffff&#8220; use_theme_fonts=&#8220;yes&#8220; css_animation=&#8220;fadeInLeft&#8220; css=&#8220;.vc_custom_1709242022134{padding-bottom: 20px !important;}&#8220;][vc_column_text css_animation=&#8220;fadeInLeft&#8220; el_class=&#8220;white&#8220;]Krovininio transporto remontas Utenoje.[\/vc_column_text][\/vc_column][vc_column width=&#8220;1\/2&#8243;][\/vc_column][\/vc_row][vc_row gap=&#8220;35&#8243; equal_height=&#8220;yes&#8220; content_placement=&#8220;middle&#8220; css=&#8220;.vc_custom_1708613465916{margin-top: 70px !important;}&#8220;][vc_column css_animation=&#8220;fadeInLeft&#8220; width=&#8220;7\/12&#8243;][vc_custom_heading text=&#8220;Geschwindigkeit, Sicherheit, Qualit\u00e4t!&#8220; font_container=&#8220;tag:h3|text_align:left&#8220; use_theme_fonts=&#8220;yes&#8220; css=&#8220;.vc_custom_1709501015209{padding-bottom: 30px !important;}&#8220;][\/vc_column][vc_column css_animation=&#8220;fadeInRight&#8220; width=&#8220;5\/12&#8243;][vc_single_image image=&#8220;268&#8243; img_size=&#8220;full&#8220; alignment=&#8220;center&#8220; el_class=&#8220;round&#8220;][\/vc_column][\/vc_row][vc_row gap=&#8220;35&#8243; equal_height=&#8220;yes&#8220; content_placement=&#8220;middle&#8220;&hellip;","og_url":"https:\/\/ham.lt\/de\/service\/","og_site_name":"Hermes Asset Management","article_modified_time":"2024-06-13T13:54:13+00:00","og_image":[{"width":1600,"height":739,"url":"https:\/\/ham.lt\/wp-content\/uploads\/2024\/06\/og.jpg","type":"image\/jpeg"}],"twitter_card":"summary_large_image","twitter_misc":{"Gesch\u00e4tzte Lesezeit":"3\u00a0Minuten"},"schema":{"@context":"https:\/\/schema.org","@graph":[{"@type":"WebPage","@id":"https:\/\/ham.lt\/de\/service\/","url":"https:\/\/ham.lt\/de\/service\/","name":"Reparaturwerkstatt - Hermes Asset Management","isPartOf":{"@id":"https:\/\/ham.lt\/#website"},"datePublished":"2024-02-15T20:15:47+00:00","dateModified":"2024-06-13T13:54:13+00:00","breadcrumb":{"@id":"https:\/\/ham.lt\/de\/service\/#breadcrumb"},"inLanguage":"de","potentialAction":[{"@type":"ReadAction","target":["https:\/\/ham.lt\/de\/service\/"]}]},{"@type":"BreadcrumbList","@id":"https:\/\/ham.lt\/de\/service\/#breadcrumb","itemListElement":[{"@type":"ListItem","position":1,"name":"Home","item":"https:\/\/ham.lt\/de\/"},{"@type":"ListItem","position":2,"name":"Reparaturwerkstatt"}]},{"@type":"WebSite","@id":"https:\/\/ham.lt\/#website","url":"https:\/\/ham.lt\/","name":"Hermes Asset Management","description":"","publisher":{"@id":"https:\/\/ham.lt\/#organization"},"potentialAction":[{"@type":"SearchAction","target":{"@type":"EntryPoint","urlTemplate":"https:\/\/ham.lt\/?s={search_term_string}"},"query-input":{"@type":"PropertyValueSpecification","valueRequired":true,"valueName":"search_term_string"}}],"inLanguage":"de"},{"@type":"Organization","@id":"https:\/\/ham.lt\/#organization","name":"Hermes Asset Management","url":"https:\/\/ham.lt\/","logo":{"@type":"ImageObject","inLanguage":"de","@id":"https:\/\/ham.lt\/#\/schema\/logo\/image\/","url":"https:\/\/ham.lt\/wp-content\/uploads\/2024\/02\/logo-black-35.svg","contentUrl":"https:\/\/ham.lt\/wp-content\/uploads\/2024\/02\/logo-black-35.svg","width":1,"height":1,"caption":"Hermes Asset Management"},"image":{"@id":"https:\/\/ham.lt\/#\/schema\/logo\/image\/"}}]}},"_links":{"self":[{"href":"https:\/\/ham.lt\/de\/wp-json\/wp\/v2\/pages\/424","targetHints":{"allow":["GET"]}}],"collection":[{"href":"https:\/\/ham.lt\/de\/wp-json\/wp\/v2\/pages"}],"about":[{"href":"https:\/\/ham.lt\/de\/wp-json\/wp\/v2\/types\/page"}],"author":[{"embeddable":true,"href":"https:\/\/ham.lt\/de\/wp-json\/wp\/v2\/users\/1"}],"replies":[{"embeddable":true,"href":"https:\/\/ham.lt\/de\/wp-json\/wp\/v2\/comments?post=424"}],"version-history":[{"count":5,"href":"https:\/\/ham.lt\/de\/wp-json\/wp\/v2\/pages\/424\/revisions"}],"predecessor-version":[{"id":447,"href":"https:\/\/ham.lt\/de\/wp-json\/wp\/v2\/pages\/424\/revisions\/447"}],"wp:attachment":[{"href":"https:\/\/ham.lt\/de\/wp-json\/wp\/v2\/media?parent=424"}],"curies":[{"name":"wp","href":"https:\/\/api.w.org\/{rel}","templated":true}]}}