{"id":425,"date":"2024-02-15T22:15:12","date_gmt":"2024-02-15T20:15:12","guid":{"rendered":"https:\/\/ham.lt\/transporto-paslaugos\/"},"modified":"2024-06-13T16:44:02","modified_gmt":"2024-06-13T13:44:02","slug":"autotransport","status":"publish","type":"page","link":"https:\/\/ham.lt\/de\/autotransport\/","title":{"rendered":"Transportdienstleistungen"},"content":{"rendered":"<div class=\"wpb-content-wrapper\"><p>[vc_row full_width=&#8220;stretch_row&#8220; content_placement=&#8220;middle&#8220; css_animation=&#8220;fadeIn&#8220; bg_type=&#8220;image&#8220; parallax_style=&#8220;vcpb-default&#8220; bg_image_new=&#8220;id^47|url^https:\/\/ham.lt\/wp-content\/uploads\/2024\/02\/viber_image_2024-02-15_15-01-48-133-1.jpg|caption^null|alt^null|title^viber_image_2024-02-15_15-01-48-133|description^null&#8220; bg_image_repeat=&#8220;no-repeat&#8220; css=&#8220;.vc_custom_1709500542609{margin-top: -70px !important;padding-top: 60px !important;padding-bottom: 60px !important;}&#8220; el_class=&#8220;row-bg-gradient&#8220;][vc_column width=&#8220;1\/2&#8243;][vc_custom_heading text=&#8220;Transportdienstleistungen&#8220; font_container=&#8220;tag:h1|text_align:left|color:%23ffffff&#8220; use_theme_fonts=&#8220;yes&#8220; css_animation=&#8220;fadeInLeft&#8220; css=&#8220;.vc_custom_1709067251738{padding-bottom: 20px !important;}&#8220;][vc_column_text css_animation=&#8220;fadeInLeft&#8220; el_class=&#8220;white&#8220;]\u201eHermes Asset Management\u201c ist ein international t\u00e4tiges Unternehmen mit langj\u00e4hriger Erfahrung in der Logistik. Das Unternehmen bietet Autotransport, Spedition und Reparaturdienstleistungen f\u00fcr Autotransporter.[\/vc_column_text][\/vc_column][vc_column width=&#8220;1\/2&#8243;][\/vc_column][\/vc_row][vc_row gap=&#8220;35&#8243; equal_height=&#8220;yes&#8220; content_placement=&#8220;middle&#8220; css=&#8220;.vc_custom_1708613465916{margin-top: 70px !important;}&#8220;][vc_column css_animation=&#8220;fadeInLeft&#8220; width=&#8220;7\/12&#8243;][vc_custom_heading text=&#8220;Geschwindigkeit, Sicherheit, Qualit\u00e4t!&#8220; use_theme_fonts=&#8220;yes&#8220; css=&#8220;.vc_custom_1709067513587{padding-bottom: 30px !important;}&#8220;]<div class=\"standard-arrow list-divider\"><ul>\n<li>Transport von Neu- und Gebrauchtwagen in ganz Europa.<\/li>\n<li>Pkw-Export, Zollabfertigung (TIR).<\/li>\n<li>Termingetreue Fahrzeuglieferung.<\/li>\n<li>Wir verf\u00fcgen \u00fcber mehr als 150 Autotransporter \u2013 M \u201eMercedes Benz\u201c, \u201eMAN\u201c, \u201eRenault\u201c LKW und modernen K\u00e4ssbohrer und \u201eRolfo\u201c Autotransporter Aufbauten, bereit 8-10 Autos zu laden.<\/li>\n<li>GPS-Fahrzeug-Ortungssystem bietet umfassende Echtzeit-, Flottenstandort- und Statusinformationen.<\/li>\n<li>Wir sind Mitglied des litauischen National Verband Verkehrsunternehmen Linava.<\/li>\n<\/ul>\n<\/div>[\/vc_column][vc_column css_animation=&#8220;fadeInRight&#8220; width=&#8220;5\/12&#8243;][vc_single_image image=&#8220;226&#8243; img_size=&#8220;full&#8220; alignment=&#8220;center&#8220; el_class=&#8220;round&#8220;][\/vc_column][\/vc_row][vc_row css_animation=&#8220;fadeInUp&#8220; css=&#8220;.vc_custom_1709241654365{margin-top: 70px !important;}&#8220;][vc_column width=&#8220;1\/3&#8243;][vc_column_text el_class=&#8220;highlight&#8220;]203 966[\/vc_column_text][vc_column_text]Anzahl der transportierten PKWs (2023)[\/vc_column_text][\/vc_column][vc_column width=&#8220;1\/3&#8243;][vc_column_text el_class=&#8220;highlight&#8220;]141 944[\/vc_column_text][vc_column_text]Anzahl der transportierten PKWs (2022)[\/vc_column_text][\/vc_column][vc_column width=&#8220;1\/3&#8243;][vc_column_text el_class=&#8220;highlight&#8220;]150+[\/vc_column_text][vc_column_text]PKWs-Fuhrpark[\/vc_column_text][\/vc_column][\/vc_row][vc_row css=&#8220;.vc_custom_1708637792704{margin-top: 70px !important;}&#8220;][vc_column css_animation=&#8220;fadeInLeft&#8220; width=&#8220;2\/3&#8243;][vc_custom_heading text=&#8220;Vertrauen Sie Ihre PKW-Anlieferungen f\u00fcr uns&#8220; use_theme_fonts=&#8220;yes&#8220; css=&#8220;.vc_custom_1708637680598{padding-bottom: 20px !important;}&#8220;][vc_column_text]Zusammenarbeit mit den gr\u00f6\u00dften Automobil-Unternehmen in Europa. Lassen Sie uns \u00fcber Ihren Transportbedarf sprechen.[\/vc_column_text]<style type=\"text\/css\" data-type=\"the7_shortcodes-inline-css\">#default-btn-f08e71faa6011264b9082409b1e26116.ico-right-side > i {\n  margin-right: 0px;\n  margin-left: 8px;\n}\n#default-btn-f08e71faa6011264b9082409b1e26116 > i {\n  margin-right: 8px;\n}<\/style><a href=\"https:\/\/ham.lt\/de\/kontakt\/\" class=\"default-btn-shortcode dt-btn dt-btn-m link-hover-off btn-inline-left  vc_custom_1718286240953\" id=\"default-btn-f08e71faa6011264b9082409b1e26116\" title=\"Kontakt\"><span>Kontakt<\/span><\/a>[\/vc_column][vc_column css_animation=&#8220;fadeInRight&#8220; width=&#8220;1\/3&#8243; css=&#8220;.vc_custom_1708641984724{padding-right: 55px !important;padding-left: 55px !important;}&#8220; offset=&#8220;vc_hidden-sm vc_hidden-xs&#8220;][vc_single_image image=&#8220;188&#8243; img_size=&#8220;full&#8220; alignment=&#8220;center&#8220;][\/vc_column][\/vc_row]<\/p>\n<\/div>","protected":false},"excerpt":{"rendered":"<p>[vc_row full_width=&#8220;stretch_row&#8220; content_placement=&#8220;middle&#8220; css_animation=&#8220;fadeIn&#8220; bg_type=&#8220;image&#8220; parallax_style=&#8220;vcpb-default&#8220; bg_image_new=&#8220;id^47|url^https:\/\/ham.lt\/wp-content\/uploads\/2024\/02\/viber_image_2024-02-15_15-01-48-133-1.jpg|caption^null|alt^null|title^viber_image_2024-02-15_15-01-48-133|description^null&#8220; bg_image_repeat=&#8220;no-repeat&#8220; css=&#8220;.vc_custom_1709500542609{margin-top: -70px !important;padding-top: 60px !important;padding-bottom: 60px !important;}&#8220; el_class=&#8220;row-bg-gradient&#8220;][vc_column width=&#8220;1\/2&#8243;][vc_custom_heading text=&#8220;Transportdienstleistungen&#8220; font_container=&#8220;tag:h1|text_align:left|color:%23ffffff&#8220; use_theme_fonts=&#8220;yes&#8220; css_animation=&#8220;fadeInLeft&#8220; css=&#8220;.vc_custom_1709067251738{padding-bottom: 20px !important;}&#8220;][vc_column_text css_animation=&#8220;fadeInLeft&#8220; el_class=&#8220;white&#8220;]\u201eHermes Asset Management\u201c ist ein international t\u00e4tiges Unternehmen mit langj\u00e4hriger Erfahrung in der Logistik. Das Unternehmen bietet Autotransport, Spedition und Reparaturdienstleistungen f\u00fcr Autotransporter.[\/vc_column_text][\/vc_column][vc_column width=&#8220;1\/2&#8243;][\/vc_column][\/vc_row][vc_row gap=&#8220;35&#8243; equal_height=&#8220;yes&#8220; content_placement=&#8220;middle&#8220; css=&#8220;.vc_custom_1708613465916{margin-top: 70px !important;}&#8220;][vc_column&hellip;<\/p>\n","protected":false},"author":1,"featured_media":0,"parent":0,"menu_order":0,"comment_status":"closed","ping_status":"closed","template":"","meta":{"footnotes":""},"class_list":["post-425","page","type-page","status-publish","hentry","description-off"],"yoast_head":"<!-- This site is optimized with the Yoast SEO plugin v27.4 - https:\/\/yoast.com\/product\/yoast-seo-wordpress\/ -->\n<title>Transportdienstleistungen - Hermes Asset Management<\/title>\n<meta name=\"robots\" content=\"index, follow, max-snippet:-1, max-image-preview:large, max-video-preview:-1\" \/>\n<link rel=\"canonical\" href=\"https:\/\/ham.lt\/de\/autotransport\/\" \/>\n<meta property=\"og:locale\" content=\"de_DE\" \/>\n<meta property=\"og:type\" content=\"article\" \/>\n<meta property=\"og:title\" content=\"Transportdienstleistungen - Hermes Asset Management\" \/>\n<meta property=\"og:description\" content=\"[vc_row full_width=&#8220;stretch_row&#8220; content_placement=&#8220;middle&#8220; css_animation=&#8220;fadeIn&#8220; bg_type=&#8220;image&#8220; parallax_style=&#8220;vcpb-default&#8220; bg_image_new=&#8220;id^47|url^https:\/\/ham.lt\/wp-content\/uploads\/2024\/02\/viber_image_2024-02-15_15-01-48-133-1.jpg|caption^null|alt^null|title^viber_image_2024-02-15_15-01-48-133|description^null&#8220; bg_image_repeat=&#8220;no-repeat&#8220; css=&#8220;.vc_custom_1709500542609{margin-top: -70px !important;padding-top: 60px !important;padding-bottom: 60px !important;}&#8220; el_class=&#8220;row-bg-gradient&#8220;][vc_column width=&#8220;1\/2&#8243;][vc_custom_heading text=&#8220;Transportdienstleistungen&#8220; font_container=&#8220;tag:h1|text_align:left|color:%23ffffff&#8220; use_theme_fonts=&#8220;yes&#8220; css_animation=&#8220;fadeInLeft&#8220; css=&#8220;.vc_custom_1709067251738{padding-bottom: 20px !important;}&#8220;][vc_column_text css_animation=&#8220;fadeInLeft&#8220; el_class=&#8220;white&#8220;]\u201eHermes Asset Management\u201c ist ein international t\u00e4tiges Unternehmen mit langj\u00e4hriger Erfahrung in der Logistik. Das Unternehmen bietet Autotransport, Spedition und Reparaturdienstleistungen f\u00fcr Autotransporter.[\/vc_column_text][\/vc_column][vc_column width=&#8220;1\/2&#8243;][\/vc_column][\/vc_row][vc_row gap=&#8220;35&#8243; equal_height=&#8220;yes&#8220; content_placement=&#8220;middle&#8220; css=&#8220;.vc_custom_1708613465916{margin-top: 70px !important;}&#8220;][vc_column&hellip;\" \/>\n<meta property=\"og:url\" content=\"https:\/\/ham.lt\/de\/autotransport\/\" \/>\n<meta property=\"og:site_name\" content=\"Hermes Asset Management\" \/>\n<meta property=\"article:modified_time\" content=\"2024-06-13T13:44:02+00:00\" \/>\n<meta property=\"og:image\" content=\"https:\/\/ham.lt\/wp-content\/uploads\/2024\/06\/og.jpg\" \/>\n\t<meta property=\"og:image:width\" content=\"1600\" \/>\n\t<meta property=\"og:image:height\" content=\"739\" \/>\n\t<meta property=\"og:image:type\" content=\"image\/jpeg\" \/>\n<meta name=\"twitter:card\" content=\"summary_large_image\" \/>\n<meta name=\"twitter:label1\" content=\"Gesch\u00e4tzte Lesezeit\" \/>\n\t<meta name=\"twitter:data1\" content=\"2\u00a0Minuten\" \/>\n<script type=\"application\/ld+json\" class=\"yoast-schema-graph\">{\"@context\":\"https:\\\/\\\/schema.org\",\"@graph\":[{\"@type\":\"WebPage\",\"@id\":\"https:\\\/\\\/ham.lt\\\/de\\\/autotransport\\\/\",\"url\":\"https:\\\/\\\/ham.lt\\\/de\\\/autotransport\\\/\",\"name\":\"Transportdienstleistungen - Hermes Asset Management\",\"isPartOf\":{\"@id\":\"https:\\\/\\\/ham.lt\\\/#website\"},\"datePublished\":\"2024-02-15T20:15:12+00:00\",\"dateModified\":\"2024-06-13T13:44:02+00:00\",\"breadcrumb\":{\"@id\":\"https:\\\/\\\/ham.lt\\\/de\\\/autotransport\\\/#breadcrumb\"},\"inLanguage\":\"de\",\"potentialAction\":[{\"@type\":\"ReadAction\",\"target\":[\"https:\\\/\\\/ham.lt\\\/de\\\/autotransport\\\/\"]}]},{\"@type\":\"BreadcrumbList\",\"@id\":\"https:\\\/\\\/ham.lt\\\/de\\\/autotransport\\\/#breadcrumb\",\"itemListElement\":[{\"@type\":\"ListItem\",\"position\":1,\"name\":\"Home\",\"item\":\"https:\\\/\\\/ham.lt\\\/de\\\/\"},{\"@type\":\"ListItem\",\"position\":2,\"name\":\"Transportdienstleistungen\"}]},{\"@type\":\"WebSite\",\"@id\":\"https:\\\/\\\/ham.lt\\\/#website\",\"url\":\"https:\\\/\\\/ham.lt\\\/\",\"name\":\"Hermes Asset Management\",\"description\":\"\",\"publisher\":{\"@id\":\"https:\\\/\\\/ham.lt\\\/#organization\"},\"potentialAction\":[{\"@type\":\"SearchAction\",\"target\":{\"@type\":\"EntryPoint\",\"urlTemplate\":\"https:\\\/\\\/ham.lt\\\/?s={search_term_string}\"},\"query-input\":{\"@type\":\"PropertyValueSpecification\",\"valueRequired\":true,\"valueName\":\"search_term_string\"}}],\"inLanguage\":\"de\"},{\"@type\":\"Organization\",\"@id\":\"https:\\\/\\\/ham.lt\\\/#organization\",\"name\":\"Hermes Asset Management\",\"url\":\"https:\\\/\\\/ham.lt\\\/\",\"logo\":{\"@type\":\"ImageObject\",\"inLanguage\":\"de\",\"@id\":\"https:\\\/\\\/ham.lt\\\/#\\\/schema\\\/logo\\\/image\\\/\",\"url\":\"https:\\\/\\\/ham.lt\\\/wp-content\\\/uploads\\\/2024\\\/02\\\/logo-black-35.svg\",\"contentUrl\":\"https:\\\/\\\/ham.lt\\\/wp-content\\\/uploads\\\/2024\\\/02\\\/logo-black-35.svg\",\"width\":1,\"height\":1,\"caption\":\"Hermes Asset Management\"},\"image\":{\"@id\":\"https:\\\/\\\/ham.lt\\\/#\\\/schema\\\/logo\\\/image\\\/\"}}]}<\/script>\n<!-- \/ Yoast SEO plugin. -->","yoast_head_json":{"title":"Transportdienstleistungen - Hermes Asset Management","robots":{"index":"index","follow":"follow","max-snippet":"max-snippet:-1","max-image-preview":"max-image-preview:large","max-video-preview":"max-video-preview:-1"},"canonical":"https:\/\/ham.lt\/de\/autotransport\/","og_locale":"de_DE","og_type":"article","og_title":"Transportdienstleistungen - Hermes Asset Management","og_description":"[vc_row full_width=&#8220;stretch_row&#8220; content_placement=&#8220;middle&#8220; css_animation=&#8220;fadeIn&#8220; bg_type=&#8220;image&#8220; parallax_style=&#8220;vcpb-default&#8220; bg_image_new=&#8220;id^47|url^https:\/\/ham.lt\/wp-content\/uploads\/2024\/02\/viber_image_2024-02-15_15-01-48-133-1.jpg|caption^null|alt^null|title^viber_image_2024-02-15_15-01-48-133|description^null&#8220; bg_image_repeat=&#8220;no-repeat&#8220; css=&#8220;.vc_custom_1709500542609{margin-top: -70px !important;padding-top: 60px !important;padding-bottom: 60px !important;}&#8220; el_class=&#8220;row-bg-gradient&#8220;][vc_column width=&#8220;1\/2&#8243;][vc_custom_heading text=&#8220;Transportdienstleistungen&#8220; font_container=&#8220;tag:h1|text_align:left|color:%23ffffff&#8220; use_theme_fonts=&#8220;yes&#8220; css_animation=&#8220;fadeInLeft&#8220; css=&#8220;.vc_custom_1709067251738{padding-bottom: 20px !important;}&#8220;][vc_column_text css_animation=&#8220;fadeInLeft&#8220; el_class=&#8220;white&#8220;]\u201eHermes Asset Management\u201c ist ein international t\u00e4tiges Unternehmen mit langj\u00e4hriger Erfahrung in der Logistik. Das Unternehmen bietet Autotransport, Spedition und Reparaturdienstleistungen f\u00fcr Autotransporter.[\/vc_column_text][\/vc_column][vc_column width=&#8220;1\/2&#8243;][\/vc_column][\/vc_row][vc_row gap=&#8220;35&#8243; equal_height=&#8220;yes&#8220; content_placement=&#8220;middle&#8220; css=&#8220;.vc_custom_1708613465916{margin-top: 70px !important;}&#8220;][vc_column&hellip;","og_url":"https:\/\/ham.lt\/de\/autotransport\/","og_site_name":"Hermes Asset Management","article_modified_time":"2024-06-13T13:44:02+00:00","og_image":[{"width":1600,"height":739,"url":"https:\/\/ham.lt\/wp-content\/uploads\/2024\/06\/og.jpg","type":"image\/jpeg"}],"twitter_card":"summary_large_image","twitter_misc":{"Gesch\u00e4tzte Lesezeit":"2\u00a0Minuten"},"schema":{"@context":"https:\/\/schema.org","@graph":[{"@type":"WebPage","@id":"https:\/\/ham.lt\/de\/autotransport\/","url":"https:\/\/ham.lt\/de\/autotransport\/","name":"Transportdienstleistungen - Hermes Asset Management","isPartOf":{"@id":"https:\/\/ham.lt\/#website"},"datePublished":"2024-02-15T20:15:12+00:00","dateModified":"2024-06-13T13:44:02+00:00","breadcrumb":{"@id":"https:\/\/ham.lt\/de\/autotransport\/#breadcrumb"},"inLanguage":"de","potentialAction":[{"@type":"ReadAction","target":["https:\/\/ham.lt\/de\/autotransport\/"]}]},{"@type":"BreadcrumbList","@id":"https:\/\/ham.lt\/de\/autotransport\/#breadcrumb","itemListElement":[{"@type":"ListItem","position":1,"name":"Home","item":"https:\/\/ham.lt\/de\/"},{"@type":"ListItem","position":2,"name":"Transportdienstleistungen"}]},{"@type":"WebSite","@id":"https:\/\/ham.lt\/#website","url":"https:\/\/ham.lt\/","name":"Hermes Asset Management","description":"","publisher":{"@id":"https:\/\/ham.lt\/#organization"},"potentialAction":[{"@type":"SearchAction","target":{"@type":"EntryPoint","urlTemplate":"https:\/\/ham.lt\/?s={search_term_string}"},"query-input":{"@type":"PropertyValueSpecification","valueRequired":true,"valueName":"search_term_string"}}],"inLanguage":"de"},{"@type":"Organization","@id":"https:\/\/ham.lt\/#organization","name":"Hermes Asset Management","url":"https:\/\/ham.lt\/","logo":{"@type":"ImageObject","inLanguage":"de","@id":"https:\/\/ham.lt\/#\/schema\/logo\/image\/","url":"https:\/\/ham.lt\/wp-content\/uploads\/2024\/02\/logo-black-35.svg","contentUrl":"https:\/\/ham.lt\/wp-content\/uploads\/2024\/02\/logo-black-35.svg","width":1,"height":1,"caption":"Hermes Asset Management"},"image":{"@id":"https:\/\/ham.lt\/#\/schema\/logo\/image\/"}}]}},"_links":{"self":[{"href":"https:\/\/ham.lt\/de\/wp-json\/wp\/v2\/pages\/425","targetHints":{"allow":["GET"]}}],"collection":[{"href":"https:\/\/ham.lt\/de\/wp-json\/wp\/v2\/pages"}],"about":[{"href":"https:\/\/ham.lt\/de\/wp-json\/wp\/v2\/types\/page"}],"author":[{"embeddable":true,"href":"https:\/\/ham.lt\/de\/wp-json\/wp\/v2\/users\/1"}],"replies":[{"embeddable":true,"href":"https:\/\/ham.lt\/de\/wp-json\/wp\/v2\/comments?post=425"}],"version-history":[{"count":5,"href":"https:\/\/ham.lt\/de\/wp-json\/wp\/v2\/pages\/425\/revisions"}],"predecessor-version":[{"id":440,"href":"https:\/\/ham.lt\/de\/wp-json\/wp\/v2\/pages\/425\/revisions\/440"}],"wp:attachment":[{"href":"https:\/\/ham.lt\/de\/wp-json\/wp\/v2\/media?parent=425"}],"curies":[{"name":"wp","href":"https:\/\/api.w.org\/{rel}","templated":true}]}}